{"id":225,"date":"2018-02-19T17:45:58","date_gmt":"2018-02-19T16:45:58","guid":{"rendered":"https:\/\/pedroaroca.es\/?page_id=225"},"modified":"2023-02-20T21:11:07","modified_gmt":"2023-02-20T21:11:07","slug":"filtros-compresores-aire-comprimido-alicante","status":"publish","type":"page","link":"https:\/\/pedroaroca.es\/123456nueva\/filtros-compresores-aire-comprimido-alicante\/","title":{"rendered":"Filtros para compresores y aire comprimido en Alicante"},"content":{"rendered":"<p>[vc_row][vc_column width=\u00bb1\/2&#8243;][vc_column_text]<\/p>\n<p><img loading=\"lazy\" decoding=\"async\" class=\"aligncenter wp-image-1081 size-large\" src=\"https:\/\/pedroaroca.es\/123456nueva\/wp-content\/uploads\/2021\/02\/Filtros-Aire-comprimido-1024x683.jpg\" alt=\"\" width=\"843\" height=\"562\" srcset=\"https:\/\/pedroaroca.es\/123456nueva\/wp-content\/uploads\/2021\/02\/Filtros-Aire-comprimido-1024x683.jpg 1024w, https:\/\/pedroaroca.es\/123456nueva\/wp-content\/uploads\/2021\/02\/Filtros-Aire-comprimido-300x200.jpg 300w, https:\/\/pedroaroca.es\/123456nueva\/wp-content\/uploads\/2021\/02\/Filtros-Aire-comprimido-768x512.jpg 768w, https:\/\/pedroaroca.es\/123456nueva\/wp-content\/uploads\/2021\/02\/Filtros-Aire-comprimido-1536x1024.jpg 1536w, https:\/\/pedroaroca.es\/123456nueva\/wp-content\/uploads\/2021\/02\/Filtros-Aire-comprimido-600x400.jpg 600w, https:\/\/pedroaroca.es\/123456nueva\/wp-content\/uploads\/2021\/02\/Filtros-Aire-comprimido.jpg 1920w\" sizes=\"auto, (max-width: 843px) 100vw, 843px\" \/><\/p>\n<p>[\/vc_column_text][\/vc_column][vc_column width=\u00bb1\/2&#8243;][vc_column_text]<\/p>\n<h2 class=\"avia-caption-title \" style=\"text-align: center;\">FILTROS PARA COMPRESORES Y AIRE COMPRIMIDO EN ALICANTE<\/h2>\n<div class=\"avia-caption-content \">\n<p style=\"text-align: justify;\">Sumamos, filtros para tratamiento de aire comprimido y de vac\u00edo. Compresores estacionarios y m\u00f3viles, bombas de vac\u00edo, redes de aire comprimido, separadores de condensados, cajas FRL, silenciadores y filtros de gas.<\/p>\n<\/div>\n<p>[\/vc_column_text][\/vc_column][\/vc_row]<\/p>\n","protected":false},"excerpt":{"rendered":"<p>[vc_row][vc_column width=\u00bb1\/2&#8243;][vc_column_text] [\/vc_column_text][\/vc_column][vc_column width=\u00bb1\/2&#8243;][vc_column_text] FILTROS PARA COMPRESORES Y AIRE COMPRIMIDO EN ALICANTE Sumamos, filtros para tratamiento de aire comprimido y de vac\u00edo. Compresores estacionarios y&hellip;<\/p>\n","protected":false},"author":1,"featured_media":0,"parent":0,"menu_order":0,"comment_status":"closed","ping_status":"closed","template":"","meta":{"footnotes":""},"class_list":["post-225","page","type-page","status-publish","hentry"],"yoast_head":"<!-- This site is optimized with the Yoast SEO plugin v15.4 - https:\/\/yoast.com\/wordpress\/plugins\/seo\/ -->\n<title>\/filtros-compresores-aire-comprimido-alicante\/<\/title>\n<meta name=\"description\" content=\"Filtros de aire para compresor, filtros separadores de agua y aceite, filtros de humedad y deshidratadores para compresores y aire comprimido con la mayor gama\" \/>\n<meta name=\"robots\" content=\"index, follow, max-snippet:-1, max-image-preview:large, max-video-preview:-1\" \/>\n<link rel=\"canonical\" href=\"https:\/\/pedroaroca.es\/123456nueva\/filtros-compresores-aire-comprimido-alicante\/\" \/>\n<meta property=\"og:locale\" content=\"es_ES\" \/>\n<meta property=\"og:type\" content=\"article\" \/>\n<meta property=\"og:title\" content=\"\/filtros-compresores-aire-comprimido-alicante\/\" \/>\n<meta property=\"og:description\" content=\"Filtros de aire para compresor, filtros separadores de agua y aceite, filtros de humedad y deshidratadores para compresores y aire comprimido con la mayor gama\" \/>\n<meta property=\"og:url\" content=\"https:\/\/pedroaroca.es\/123456nueva\/filtros-compresores-aire-comprimido-alicante\/\" \/>\n<meta property=\"og:site_name\" content=\"Pedro Aroca\" \/>\n<meta property=\"article:modified_time\" content=\"2023-02-20T21:11:07+00:00\" \/>\n<meta property=\"og:image\" content=\"https:\/\/pedroaroca.es\/123456nueva\/wp-content\/uploads\/2021\/02\/Filtros-Aire-comprimido-1024x683.jpg\" \/>\n<meta name=\"twitter:card\" content=\"summary_large_image\" \/>\n<meta name=\"twitter:label1\" content=\"Escrito por\">\n\t<meta name=\"twitter:data1\" content=\"admin\">\n\t<meta name=\"twitter:label2\" content=\"Tiempo de lectura\">\n\t<meta name=\"twitter:data2\" content=\"0 minutos\">\n<script type=\"application\/ld+json\" class=\"yoast-schema-graph\">{\"@context\":\"https:\/\/schema.org\",\"@graph\":[{\"@type\":\"WebSite\",\"@id\":\"https:\/\/pedroaroca.es\/123456nueva\/#website\",\"url\":\"https:\/\/pedroaroca.es\/123456nueva\/\",\"name\":\"Pedro Aroca\",\"description\":\"Just another WordPress site\",\"potentialAction\":[{\"@type\":\"SearchAction\",\"target\":\"https:\/\/pedroaroca.es\/123456nueva\/?s={search_term_string}\",\"query-input\":\"required name=search_term_string\"}],\"inLanguage\":\"es\"},{\"@type\":\"ImageObject\",\"@id\":\"https:\/\/pedroaroca.es\/123456nueva\/filtros-compresores-aire-comprimido-alicante\/#primaryimage\",\"inLanguage\":\"es\",\"url\":\"https:\/\/pedroaroca.es\/123456nueva\/wp-content\/uploads\/2021\/02\/Filtros-Aire-comprimido.jpg\",\"width\":1920,\"height\":1280},{\"@type\":\"WebPage\",\"@id\":\"https:\/\/pedroaroca.es\/123456nueva\/filtros-compresores-aire-comprimido-alicante\/#webpage\",\"url\":\"https:\/\/pedroaroca.es\/123456nueva\/filtros-compresores-aire-comprimido-alicante\/\",\"name\":\"\/filtros-compresores-aire-comprimido-alicante\/\",\"isPartOf\":{\"@id\":\"https:\/\/pedroaroca.es\/123456nueva\/#website\"},\"primaryImageOfPage\":{\"@id\":\"https:\/\/pedroaroca.es\/123456nueva\/filtros-compresores-aire-comprimido-alicante\/#primaryimage\"},\"datePublished\":\"2018-02-19T16:45:58+00:00\",\"dateModified\":\"2023-02-20T21:11:07+00:00\",\"description\":\"Filtros de aire para compresor, filtros separadores de agua y aceite, filtros de humedad y deshidratadores para compresores y aire comprimido con la mayor gama\",\"inLanguage\":\"es\",\"potentialAction\":[{\"@type\":\"ReadAction\",\"target\":[\"https:\/\/pedroaroca.es\/123456nueva\/filtros-compresores-aire-comprimido-alicante\/\"]}]}]}<\/script>\n<!-- \/ Yoast SEO plugin. -->","_links":{"self":[{"href":"https:\/\/pedroaroca.es\/123456nueva\/wp-json\/wp\/v2\/pages\/225","targetHints":{"allow":["GET"]}}],"collection":[{"href":"https:\/\/pedroaroca.es\/123456nueva\/wp-json\/wp\/v2\/pages"}],"about":[{"href":"https:\/\/pedroaroca.es\/123456nueva\/wp-json\/wp\/v2\/types\/page"}],"author":[{"embeddable":true,"href":"https:\/\/pedroaroca.es\/123456nueva\/wp-json\/wp\/v2\/users\/1"}],"replies":[{"embeddable":true,"href":"https:\/\/pedroaroca.es\/123456nueva\/wp-json\/wp\/v2\/comments?post=225"}],"version-history":[{"count":3,"href":"https:\/\/pedroaroca.es\/123456nueva\/wp-json\/wp\/v2\/pages\/225\/revisions"}],"predecessor-version":[{"id":1165,"href":"https:\/\/pedroaroca.es\/123456nueva\/wp-json\/wp\/v2\/pages\/225\/revisions\/1165"}],"wp:attachment":[{"href":"https:\/\/pedroaroca.es\/123456nueva\/wp-json\/wp\/v2\/media?parent=225"}],"curies":[{"name":"wp","href":"https:\/\/api.w.org\/{rel}","templated":true}]}}