{"id":23,"date":"2017-04-24T14:42:46","date_gmt":"2017-04-24T12:42:46","guid":{"rendered":"https:\/\/pedroaroca.es\/?page_id=23"},"modified":"2023-02-20T19:35:51","modified_gmt":"2023-02-20T19:35:51","slug":"filtros-coches","status":"publish","type":"page","link":"https:\/\/pedroaroca.es\/123456nueva\/filtros-coches\/","title":{"rendered":"Filtros para coches Alicante"},"content":{"rendered":"<p>[vc_row][vc_column width=\u00bb1\/2&#8243;][vc_column_text]<\/p>\n<p><img loading=\"lazy\" decoding=\"async\" class=\"aligncenter wp-image-1061 size-large\" src=\"https:\/\/pedroaroca.es\/123456nueva\/wp-content\/uploads\/2021\/01\/Filtros-automocion-1024x683.jpg\" alt=\"\" width=\"843\" height=\"562\" srcset=\"https:\/\/pedroaroca.es\/123456nueva\/wp-content\/uploads\/2021\/01\/Filtros-automocion-1024x683.jpg 1024w, https:\/\/pedroaroca.es\/123456nueva\/wp-content\/uploads\/2021\/01\/Filtros-automocion-300x200.jpg 300w, https:\/\/pedroaroca.es\/123456nueva\/wp-content\/uploads\/2021\/01\/Filtros-automocion-768x512.jpg 768w, https:\/\/pedroaroca.es\/123456nueva\/wp-content\/uploads\/2021\/01\/Filtros-automocion-1536x1024.jpg 1536w, https:\/\/pedroaroca.es\/123456nueva\/wp-content\/uploads\/2021\/01\/Filtros-automocion-600x400.jpg 600w, https:\/\/pedroaroca.es\/123456nueva\/wp-content\/uploads\/2021\/01\/Filtros-automocion.jpg 1920w\" sizes=\"auto, (max-width: 843px) 100vw, 843px\" \/><\/p>\n<p>[\/vc_column_text][\/vc_column][vc_column width=\u00bb1\/2&#8243;][vc_column_text]<\/p>\n<h3 style=\"text-align: center;\">FILTROS PARA COCHES (AUTOM\u00d3VILES) EN ALICANTE, ESPA\u00d1A<\/h3>\n<p style=\"text-align: justify;\">\u00danicos en calidad, oferta y r\u00e1pida disposici\u00f3n. Pedro Aroca tiene los filtros habituales de autom\u00f3viles, utilitarios y camionetas, adem\u00e1s ofrece filtros para coches de colecci\u00f3n y alto rendimiento, esto es, competici\u00f3n.<\/p>\n<p>[\/vc_column_text][\/vc_column][\/vc_row]<\/p>\n","protected":false},"excerpt":{"rendered":"<p>[vc_row][vc_column width=\u00bb1\/2&#8243;][vc_column_text] [\/vc_column_text][\/vc_column][vc_column width=\u00bb1\/2&#8243;][vc_column_text] FILTROS PARA COCHES (AUTOM\u00d3VILES) EN ALICANTE, ESPA\u00d1A \u00danicos en calidad, oferta y r\u00e1pida disposici\u00f3n. Pedro Aroca tiene los filtros habituales de&hellip;<\/p>\n","protected":false},"author":1,"featured_media":0,"parent":0,"menu_order":0,"comment_status":"closed","ping_status":"closed","template":"","meta":{"footnotes":""},"class_list":["post-23","page","type-page","status-publish","hentry"],"yoast_head":"<!-- This site is optimized with the Yoast SEO plugin v15.4 - https:\/\/yoast.com\/wordpress\/plugins\/seo\/ -->\n<title>Filtros de Aire, Aceite y Gasoil para Coche \u25b7 PedroAroca<\/title>\n<meta name=\"description\" content=\"Filtros de Aire para coches, piezas nuevas y de origen en amplia gama de filtros de aceite, gasoil y aire para coches con calidad y precio\" \/>\n<meta name=\"robots\" content=\"index, follow, max-snippet:-1, max-image-preview:large, max-video-preview:-1\" \/>\n<link rel=\"canonical\" href=\"https:\/\/pedroaroca.es\/123456nueva\/filtros-coches\/\" \/>\n<meta property=\"og:locale\" content=\"es_ES\" \/>\n<meta property=\"og:type\" content=\"article\" \/>\n<meta property=\"og:title\" content=\"Filtros de Aire, Aceite y Gasoil para Coche \u25b7 PedroAroca\" \/>\n<meta property=\"og:description\" content=\"Filtros de Aire para coches, piezas nuevas y de origen en amplia gama de filtros de aceite, gasoil y aire para coches con calidad y precio\" \/>\n<meta property=\"og:url\" content=\"https:\/\/pedroaroca.es\/123456nueva\/filtros-coches\/\" \/>\n<meta property=\"og:site_name\" content=\"Pedro Aroca\" \/>\n<meta property=\"article:modified_time\" content=\"2023-02-20T19:35:51+00:00\" \/>\n<meta property=\"og:image\" content=\"https:\/\/pedroaroca.es\/123456nueva\/wp-content\/uploads\/2021\/01\/Filtros-automocion-1024x683.jpg\" \/>\n<meta name=\"twitter:card\" content=\"summary_large_image\" \/>\n<meta name=\"twitter:label1\" content=\"Escrito por\">\n\t<meta name=\"twitter:data1\" content=\"admin\">\n\t<meta name=\"twitter:label2\" content=\"Tiempo de lectura\">\n\t<meta name=\"twitter:data2\" content=\"0 minutos\">\n<script type=\"application\/ld+json\" class=\"yoast-schema-graph\">{\"@context\":\"https:\/\/schema.org\",\"@graph\":[{\"@type\":\"WebSite\",\"@id\":\"https:\/\/pedroaroca.es\/123456nueva\/#website\",\"url\":\"https:\/\/pedroaroca.es\/123456nueva\/\",\"name\":\"Pedro Aroca\",\"description\":\"Just another WordPress site\",\"potentialAction\":[{\"@type\":\"SearchAction\",\"target\":\"https:\/\/pedroaroca.es\/123456nueva\/?s={search_term_string}\",\"query-input\":\"required name=search_term_string\"}],\"inLanguage\":\"es\"},{\"@type\":\"ImageObject\",\"@id\":\"https:\/\/pedroaroca.es\/123456nueva\/filtros-coches\/#primaryimage\",\"inLanguage\":\"es\",\"url\":\"https:\/\/pedroaroca.es\/123456nueva\/wp-content\/uploads\/2021\/01\/Filtros-automocion.jpg\",\"width\":1920,\"height\":1280},{\"@type\":\"WebPage\",\"@id\":\"https:\/\/pedroaroca.es\/123456nueva\/filtros-coches\/#webpage\",\"url\":\"https:\/\/pedroaroca.es\/123456nueva\/filtros-coches\/\",\"name\":\"Filtros de Aire, Aceite y Gasoil para Coche \\u25b7 PedroAroca\",\"isPartOf\":{\"@id\":\"https:\/\/pedroaroca.es\/123456nueva\/#website\"},\"primaryImageOfPage\":{\"@id\":\"https:\/\/pedroaroca.es\/123456nueva\/filtros-coches\/#primaryimage\"},\"datePublished\":\"2017-04-24T12:42:46+00:00\",\"dateModified\":\"2023-02-20T19:35:51+00:00\",\"description\":\"Filtros de Aire para coches, piezas nuevas y de origen en amplia gama de filtros de aceite, gasoil y aire para coches con calidad y precio\",\"inLanguage\":\"es\",\"potentialAction\":[{\"@type\":\"ReadAction\",\"target\":[\"https:\/\/pedroaroca.es\/123456nueva\/filtros-coches\/\"]}]}]}<\/script>\n<!-- \/ Yoast SEO plugin. -->","_links":{"self":[{"href":"https:\/\/pedroaroca.es\/123456nueva\/wp-json\/wp\/v2\/pages\/23","targetHints":{"allow":["GET"]}}],"collection":[{"href":"https:\/\/pedroaroca.es\/123456nueva\/wp-json\/wp\/v2\/pages"}],"about":[{"href":"https:\/\/pedroaroca.es\/123456nueva\/wp-json\/wp\/v2\/types\/page"}],"author":[{"embeddable":true,"href":"https:\/\/pedroaroca.es\/123456nueva\/wp-json\/wp\/v2\/users\/1"}],"replies":[{"embeddable":true,"href":"https:\/\/pedroaroca.es\/123456nueva\/wp-json\/wp\/v2\/comments?post=23"}],"version-history":[{"count":2,"href":"https:\/\/pedroaroca.es\/123456nueva\/wp-json\/wp\/v2\/pages\/23\/revisions"}],"predecessor-version":[{"id":1154,"href":"https:\/\/pedroaroca.es\/123456nueva\/wp-json\/wp\/v2\/pages\/23\/revisions\/1154"}],"wp:attachment":[{"href":"https:\/\/pedroaroca.es\/123456nueva\/wp-json\/wp\/v2\/media?parent=23"}],"curies":[{"name":"wp","href":"https:\/\/api.w.org\/{rel}","templated":true}]}}