{"id":230,"date":"2018-02-19T17:49:10","date_gmt":"2018-02-19T16:49:10","guid":{"rendered":"https:\/\/pedroaroca.es\/?page_id=230"},"modified":"2023-02-20T21:12:36","modified_gmt":"2023-02-20T21:12:36","slug":"filtros-hidraulica-alicante","status":"publish","type":"page","link":"https:\/\/pedroaroca.es\/123456nueva\/filtros-hidraulica-alicante\/","title":{"rendered":"Filtros para hidr\u00e1ulica en Alicante"},"content":{"rendered":"<p>[vc_row][vc_column width=\u00bb1\/2&#8243;][vc_column_text]<\/p>\n<p><img loading=\"lazy\" decoding=\"async\" class=\"aligncenter wp-image-1066 size-large\" src=\"https:\/\/pedroaroca.es\/123456nueva\/wp-content\/uploads\/2021\/01\/hidraulica-1024x562.png\" alt=\"\" width=\"843\" height=\"463\" srcset=\"https:\/\/pedroaroca.es\/123456nueva\/wp-content\/uploads\/2021\/01\/hidraulica-1024x562.png 1024w, https:\/\/pedroaroca.es\/123456nueva\/wp-content\/uploads\/2021\/01\/hidraulica-300x165.png 300w, https:\/\/pedroaroca.es\/123456nueva\/wp-content\/uploads\/2021\/01\/hidraulica-768x421.png 768w, https:\/\/pedroaroca.es\/123456nueva\/wp-content\/uploads\/2021\/01\/hidraulica-600x329.png 600w, https:\/\/pedroaroca.es\/123456nueva\/wp-content\/uploads\/2021\/01\/hidraulica.png 1050w\" sizes=\"auto, (max-width: 843px) 100vw, 843px\" \/><\/p>\n<p>[\/vc_column_text][\/vc_column][vc_column width=\u00bb1\/2&#8243;][vc_column_text]<\/p>\n<h2 class=\"avia-caption-title \">FILTROS PARA HIDR\u00c1ULICA EN ALICANTE, ESPA\u00d1A<\/h2>\n<div class=\"avia-caption-content \">\n<p style=\"text-align: justify;\">M\u00e1s de 50 a\u00f1os proporcionando filtros y latiguillos para todos los sectores a nivel mundial.<\/p>\n<\/div>\n<p>[\/vc_column_text][\/vc_column][\/vc_row]<\/p>\n","protected":false},"excerpt":{"rendered":"<p>[vc_row][vc_column width=\u00bb1\/2&#8243;][vc_column_text] [\/vc_column_text][\/vc_column][vc_column width=\u00bb1\/2&#8243;][vc_column_text] FILTROS PARA HIDR\u00c1ULICA EN ALICANTE, ESPA\u00d1A M\u00e1s de 50 a\u00f1os proporcionando filtros y latiguillos para todos los sectores a nivel mundial.&hellip;<\/p>\n","protected":false},"author":1,"featured_media":0,"parent":0,"menu_order":0,"comment_status":"closed","ping_status":"closed","template":"","meta":{"footnotes":""},"class_list":["post-230","page","type-page","status-publish","hentry"],"yoast_head":"<!-- This site is optimized with the Yoast SEO plugin v15.4 - https:\/\/yoast.com\/wordpress\/plugins\/seo\/ -->\n<title>Filtros Hidr\u00e1ulicos \u25b7 PedroAroca<\/title>\n<meta name=\"description\" content=\"Filtros Hidr\u00e1ulicos PedroAroca \u25b7 Recambios de filtros de direcci\u00f3n hidr\u00e1ulica, filtros magneticos para aceite hidr\u00e1ulico con piezas nuevas y de origen.\" \/>\n<meta name=\"robots\" content=\"index, follow, max-snippet:-1, max-image-preview:large, max-video-preview:-1\" \/>\n<link rel=\"canonical\" href=\"https:\/\/pedroaroca.es\/123456nueva\/filtros-hidraulica-alicante\/\" \/>\n<meta property=\"og:locale\" content=\"es_ES\" \/>\n<meta property=\"og:type\" content=\"article\" \/>\n<meta property=\"og:title\" content=\"Filtros Hidr\u00e1ulicos \u25b7 PedroAroca\" \/>\n<meta property=\"og:description\" content=\"Filtros Hidr\u00e1ulicos PedroAroca \u25b7 Recambios de filtros de direcci\u00f3n hidr\u00e1ulica, filtros magneticos para aceite hidr\u00e1ulico con piezas nuevas y de origen.\" \/>\n<meta property=\"og:url\" content=\"https:\/\/pedroaroca.es\/123456nueva\/filtros-hidraulica-alicante\/\" \/>\n<meta property=\"og:site_name\" content=\"Pedro Aroca\" \/>\n<meta property=\"article:modified_time\" content=\"2023-02-20T21:12:36+00:00\" \/>\n<meta property=\"og:image\" content=\"https:\/\/pedroaroca.es\/123456nueva\/wp-content\/uploads\/2021\/01\/hidraulica-1024x562.png\" \/>\n<meta name=\"twitter:card\" content=\"summary_large_image\" \/>\n<meta name=\"twitter:label1\" content=\"Escrito por\">\n\t<meta name=\"twitter:data1\" content=\"admin\">\n\t<meta name=\"twitter:label2\" content=\"Tiempo de lectura\">\n\t<meta name=\"twitter:data2\" content=\"0 minutos\">\n<script type=\"application\/ld+json\" class=\"yoast-schema-graph\">{\"@context\":\"https:\/\/schema.org\",\"@graph\":[{\"@type\":\"WebSite\",\"@id\":\"https:\/\/pedroaroca.es\/123456nueva\/#website\",\"url\":\"https:\/\/pedroaroca.es\/123456nueva\/\",\"name\":\"Pedro Aroca\",\"description\":\"Just another WordPress site\",\"potentialAction\":[{\"@type\":\"SearchAction\",\"target\":\"https:\/\/pedroaroca.es\/123456nueva\/?s={search_term_string}\",\"query-input\":\"required name=search_term_string\"}],\"inLanguage\":\"es\"},{\"@type\":\"ImageObject\",\"@id\":\"https:\/\/pedroaroca.es\/123456nueva\/filtros-hidraulica-alicante\/#primaryimage\",\"inLanguage\":\"es\",\"url\":\"https:\/\/pedroaroca.es\/123456nueva\/wp-content\/uploads\/2021\/01\/hidraulica.png\",\"width\":1050,\"height\":576},{\"@type\":\"WebPage\",\"@id\":\"https:\/\/pedroaroca.es\/123456nueva\/filtros-hidraulica-alicante\/#webpage\",\"url\":\"https:\/\/pedroaroca.es\/123456nueva\/filtros-hidraulica-alicante\/\",\"name\":\"Filtros Hidr\\u00e1ulicos \\u25b7 PedroAroca\",\"isPartOf\":{\"@id\":\"https:\/\/pedroaroca.es\/123456nueva\/#website\"},\"primaryImageOfPage\":{\"@id\":\"https:\/\/pedroaroca.es\/123456nueva\/filtros-hidraulica-alicante\/#primaryimage\"},\"datePublished\":\"2018-02-19T16:49:10+00:00\",\"dateModified\":\"2023-02-20T21:12:36+00:00\",\"description\":\"Filtros Hidr\\u00e1ulicos PedroAroca \\u25b7 Recambios de filtros de direcci\\u00f3n hidr\\u00e1ulica, filtros magneticos para aceite hidr\\u00e1ulico con piezas nuevas y de origen.\",\"inLanguage\":\"es\",\"potentialAction\":[{\"@type\":\"ReadAction\",\"target\":[\"https:\/\/pedroaroca.es\/123456nueva\/filtros-hidraulica-alicante\/\"]}]}]}<\/script>\n<!-- \/ Yoast SEO plugin. -->","_links":{"self":[{"href":"https:\/\/pedroaroca.es\/123456nueva\/wp-json\/wp\/v2\/pages\/230","targetHints":{"allow":["GET"]}}],"collection":[{"href":"https:\/\/pedroaroca.es\/123456nueva\/wp-json\/wp\/v2\/pages"}],"about":[{"href":"https:\/\/pedroaroca.es\/123456nueva\/wp-json\/wp\/v2\/types\/page"}],"author":[{"embeddable":true,"href":"https:\/\/pedroaroca.es\/123456nueva\/wp-json\/wp\/v2\/users\/1"}],"replies":[{"embeddable":true,"href":"https:\/\/pedroaroca.es\/123456nueva\/wp-json\/wp\/v2\/comments?post=230"}],"version-history":[{"count":2,"href":"https:\/\/pedroaroca.es\/123456nueva\/wp-json\/wp\/v2\/pages\/230\/revisions"}],"predecessor-version":[{"id":1167,"href":"https:\/\/pedroaroca.es\/123456nueva\/wp-json\/wp\/v2\/pages\/230\/revisions\/1167"}],"wp:attachment":[{"href":"https:\/\/pedroaroca.es\/123456nueva\/wp-json\/wp\/v2\/media?parent=230"}],"curies":[{"name":"wp","href":"https:\/\/api.w.org\/{rel}","templated":true}]}}