{"id":246,"date":"2018-02-19T17:58:50","date_gmt":"2018-02-19T16:58:50","guid":{"rendered":"https:\/\/pedroaroca.es\/?page_id=246"},"modified":"2023-02-20T21:24:01","modified_gmt":"2023-02-20T21:24:01","slug":"filtros-carretillas-elevadoras-manutencion-alicante","status":"publish","type":"page","link":"https:\/\/pedroaroca.es\/123456nueva\/filtros-carretillas-elevadoras-manutencion-alicante\/","title":{"rendered":"Filtros para carretillas elevadoras y manutenci\u00f3n en Alicante"},"content":{"rendered":"<p>[vc_row][vc_column width=\u00bb1\/2&#8243;][vc_column_text]<\/p>\n<p><img loading=\"lazy\" decoding=\"async\" class=\"aligncenter wp-image-247 size-large\" src=\"https:\/\/pedroaroca.es\/123456nueva\/wp-content\/uploads\/2018\/02\/filtros-carretilla-elevadora-manutencion-alicante-89-1024x683.jpg\" alt=\"\" width=\"843\" height=\"562\" srcset=\"https:\/\/pedroaroca.es\/123456nueva\/wp-content\/uploads\/2018\/02\/filtros-carretilla-elevadora-manutencion-alicante-89-1024x683.jpg 1024w, https:\/\/pedroaroca.es\/123456nueva\/wp-content\/uploads\/2018\/02\/filtros-carretilla-elevadora-manutencion-alicante-89-600x400.jpg 600w, https:\/\/pedroaroca.es\/123456nueva\/wp-content\/uploads\/2018\/02\/filtros-carretilla-elevadora-manutencion-alicante-89-300x200.jpg 300w, https:\/\/pedroaroca.es\/123456nueva\/wp-content\/uploads\/2018\/02\/filtros-carretilla-elevadora-manutencion-alicante-89-768x512.jpg 768w, https:\/\/pedroaroca.es\/123456nueva\/wp-content\/uploads\/2018\/02\/filtros-carretilla-elevadora-manutencion-alicante-89-1536x1024.jpg 1536w, https:\/\/pedroaroca.es\/123456nueva\/wp-content\/uploads\/2018\/02\/filtros-carretilla-elevadora-manutencion-alicante-89-1568x1045.jpg 1568w, https:\/\/pedroaroca.es\/123456nueva\/wp-content\/uploads\/2018\/02\/filtros-carretilla-elevadora-manutencion-alicante-89.jpg 2048w\" sizes=\"auto, (max-width: 843px) 100vw, 843px\" \/><\/p>\n<p>[\/vc_column_text][\/vc_column][vc_column width=\u00bb1\/2&#8243;][vc_column_text]<\/p>\n<h3>FILTROS PARA CARRETILLAS ELEVADORAS Y MANUTENCI\u00d3N EN ALICANTE<\/h3>\n<p>Cons\u00faltanos para conocer nuestra variedad de filtros para carretillas elevadoras y de manutenci\u00f3n.<\/p>\n<p>[\/vc_column_text][\/vc_column][\/vc_row]<\/p>\n","protected":false},"excerpt":{"rendered":"<p>[vc_row][vc_column width=\u00bb1\/2&#8243;][vc_column_text] [\/vc_column_text][\/vc_column][vc_column width=\u00bb1\/2&#8243;][vc_column_text] FILTROS PARA CARRETILLAS ELEVADORAS Y MANUTENCI\u00d3N EN ALICANTE Cons\u00faltanos para conocer nuestra variedad de filtros para carretillas elevadoras y de manutenci\u00f3n.&hellip;<\/p>\n","protected":false},"author":1,"featured_media":0,"parent":0,"menu_order":0,"comment_status":"closed","ping_status":"closed","template":"","meta":{"footnotes":""},"class_list":["post-246","page","type-page","status-publish","hentry"],"yoast_head":"<!-- This site is optimized with the Yoast SEO plugin v15.4 - https:\/\/yoast.com\/wordpress\/plugins\/seo\/ -->\n<title>Filtros para carretillas elevadoras \u25b7 PedroAroca<\/title>\n<meta name=\"description\" content=\"Todo tipo de filtros para carretillas elevadoras PedroAroca \u25b7 Recambio de filtros de aceite para carretillas elevadoras totalmente nuevos y de marca original\" \/>\n<meta name=\"robots\" content=\"index, follow, max-snippet:-1, max-image-preview:large, max-video-preview:-1\" \/>\n<link rel=\"canonical\" href=\"https:\/\/pedroaroca.es\/123456nueva\/filtros-carretillas-elevadoras-manutencion-alicante\/\" \/>\n<meta property=\"og:locale\" content=\"es_ES\" \/>\n<meta property=\"og:type\" content=\"article\" \/>\n<meta property=\"og:title\" content=\"Filtros para carretillas elevadoras \u25b7 PedroAroca\" \/>\n<meta property=\"og:description\" content=\"Todo tipo de filtros para carretillas elevadoras PedroAroca \u25b7 Recambio de filtros de aceite para carretillas elevadoras totalmente nuevos y de marca original\" \/>\n<meta property=\"og:url\" content=\"https:\/\/pedroaroca.es\/123456nueva\/filtros-carretillas-elevadoras-manutencion-alicante\/\" \/>\n<meta property=\"og:site_name\" content=\"Pedro Aroca\" \/>\n<meta property=\"article:modified_time\" content=\"2023-02-20T21:24:01+00:00\" \/>\n<meta property=\"og:image\" content=\"https:\/\/pedroaroca.es\/123456nueva\/wp-content\/uploads\/2018\/02\/filtros-carretilla-elevadora-manutencion-alicante-89-1024x683.jpg\" \/>\n<meta name=\"twitter:card\" content=\"summary_large_image\" \/>\n<meta name=\"twitter:label1\" content=\"Escrito por\">\n\t<meta name=\"twitter:data1\" content=\"admin\">\n\t<meta name=\"twitter:label2\" content=\"Tiempo de lectura\">\n\t<meta name=\"twitter:data2\" content=\"0 minutos\">\n<script type=\"application\/ld+json\" class=\"yoast-schema-graph\">{\"@context\":\"https:\/\/schema.org\",\"@graph\":[{\"@type\":\"WebSite\",\"@id\":\"https:\/\/pedroaroca.es\/123456nueva\/#website\",\"url\":\"https:\/\/pedroaroca.es\/123456nueva\/\",\"name\":\"Pedro Aroca\",\"description\":\"Just another WordPress site\",\"potentialAction\":[{\"@type\":\"SearchAction\",\"target\":\"https:\/\/pedroaroca.es\/123456nueva\/?s={search_term_string}\",\"query-input\":\"required name=search_term_string\"}],\"inLanguage\":\"es\"},{\"@type\":\"ImageObject\",\"@id\":\"https:\/\/pedroaroca.es\/123456nueva\/filtros-carretillas-elevadoras-manutencion-alicante\/#primaryimage\",\"inLanguage\":\"es\",\"url\":\"https:\/\/pedroaroca.es\/123456nueva\/wp-content\/uploads\/2018\/02\/filtros-carretilla-elevadora-manutencion-alicante-89.jpg\",\"width\":2048,\"height\":1365},{\"@type\":\"WebPage\",\"@id\":\"https:\/\/pedroaroca.es\/123456nueva\/filtros-carretillas-elevadoras-manutencion-alicante\/#webpage\",\"url\":\"https:\/\/pedroaroca.es\/123456nueva\/filtros-carretillas-elevadoras-manutencion-alicante\/\",\"name\":\"Filtros para carretillas elevadoras \\u25b7 PedroAroca\",\"isPartOf\":{\"@id\":\"https:\/\/pedroaroca.es\/123456nueva\/#website\"},\"primaryImageOfPage\":{\"@id\":\"https:\/\/pedroaroca.es\/123456nueva\/filtros-carretillas-elevadoras-manutencion-alicante\/#primaryimage\"},\"datePublished\":\"2018-02-19T16:58:50+00:00\",\"dateModified\":\"2023-02-20T21:24:01+00:00\",\"description\":\"Todo tipo de filtros para carretillas elevadoras PedroAroca \\u25b7 Recambio de filtros de aceite para carretillas elevadoras totalmente nuevos y de marca original\",\"inLanguage\":\"es\",\"potentialAction\":[{\"@type\":\"ReadAction\",\"target\":[\"https:\/\/pedroaroca.es\/123456nueva\/filtros-carretillas-elevadoras-manutencion-alicante\/\"]}]}]}<\/script>\n<!-- \/ Yoast SEO plugin. -->","_links":{"self":[{"href":"https:\/\/pedroaroca.es\/123456nueva\/wp-json\/wp\/v2\/pages\/246","targetHints":{"allow":["GET"]}}],"collection":[{"href":"https:\/\/pedroaroca.es\/123456nueva\/wp-json\/wp\/v2\/pages"}],"about":[{"href":"https:\/\/pedroaroca.es\/123456nueva\/wp-json\/wp\/v2\/types\/page"}],"author":[{"embeddable":true,"href":"https:\/\/pedroaroca.es\/123456nueva\/wp-json\/wp\/v2\/users\/1"}],"replies":[{"embeddable":true,"href":"https:\/\/pedroaroca.es\/123456nueva\/wp-json\/wp\/v2\/comments?post=246"}],"version-history":[{"count":3,"href":"https:\/\/pedroaroca.es\/123456nueva\/wp-json\/wp\/v2\/pages\/246\/revisions"}],"predecessor-version":[{"id":1178,"href":"https:\/\/pedroaroca.es\/123456nueva\/wp-json\/wp\/v2\/pages\/246\/revisions\/1178"}],"wp:attachment":[{"href":"https:\/\/pedroaroca.es\/123456nueva\/wp-json\/wp\/v2\/media?parent=246"}],"curies":[{"name":"wp","href":"https:\/\/api.w.org\/{rel}","templated":true}]}}