{"id":289,"date":"2018-03-09T19:03:15","date_gmt":"2018-03-09T18:03:15","guid":{"rendered":"https:\/\/pedroaroca.es\/?page_id=289"},"modified":"2023-02-20T21:30:02","modified_gmt":"2023-02-20T21:30:02","slug":"latiguillos-de-direccion","status":"publish","type":"page","link":"https:\/\/pedroaroca.es\/123456nueva\/latiguillos-de-direccion\/","title":{"rendered":"Latiguillos de direcci\u00f3n"},"content":{"rendered":"<p>[vc_row][vc_column width=\u00bb1\/2&#8243;][vc_column_text]<\/p>\n<p><img loading=\"lazy\" decoding=\"async\" class=\"aligncenter wp-image-497 size-large\" src=\"https:\/\/pedroaroca.es\/123456nueva\/wp-content\/uploads\/2019\/01\/Latiguillos-varios-1024x684.jpeg\" alt=\"\" width=\"843\" height=\"563\" srcset=\"https:\/\/pedroaroca.es\/123456nueva\/wp-content\/uploads\/2019\/01\/Latiguillos-varios-1024x684.jpeg 1024w, https:\/\/pedroaroca.es\/123456nueva\/wp-content\/uploads\/2019\/01\/Latiguillos-varios-600x401.jpeg 600w, https:\/\/pedroaroca.es\/123456nueva\/wp-content\/uploads\/2019\/01\/Latiguillos-varios-300x200.jpeg 300w, https:\/\/pedroaroca.es\/123456nueva\/wp-content\/uploads\/2019\/01\/Latiguillos-varios-768x513.jpeg 768w, https:\/\/pedroaroca.es\/123456nueva\/wp-content\/uploads\/2019\/01\/Latiguillos-varios.jpeg 1280w\" sizes=\"auto, (max-width: 843px) 100vw, 843px\" \/><\/p>\n<p>[\/vc_column_text][\/vc_column][vc_column width=\u00bb1\/2&#8243;][vc_column_text]<\/p>\n<h3>LATIGUILLOS DE DIRECCI\u00d3N<\/h3>\n<p style=\"text-align: justify;\">En Pedro Aroca contamos con una gran variedad de latiguillos de direcci\u00f3n. Solic\u00edtanos informaci\u00f3n para obtener m\u00e1s informaci\u00f3n sobre nuestro cat\u00e1logo.<\/p>\n<p>[\/vc_column_text][\/vc_column][\/vc_row]<\/p>\n","protected":false},"excerpt":{"rendered":"<p>[vc_row][vc_column width=\u00bb1\/2&#8243;][vc_column_text] [\/vc_column_text][\/vc_column][vc_column width=\u00bb1\/2&#8243;][vc_column_text] LATIGUILLOS DE DIRECCI\u00d3N En Pedro Aroca contamos con una gran variedad de latiguillos de direcci\u00f3n. Solic\u00edtanos informaci\u00f3n para obtener m\u00e1s informaci\u00f3n&hellip;<\/p>\n","protected":false},"author":1,"featured_media":0,"parent":0,"menu_order":0,"comment_status":"closed","ping_status":"closed","template":"","meta":{"footnotes":""},"class_list":["post-289","page","type-page","status-publish","hentry"],"yoast_head":"<!-- This site is optimized with the Yoast SEO plugin v15.4 - https:\/\/yoast.com\/wordpress\/plugins\/seo\/ -->\n<title>Latiguillos de direcci\u00f3n \u25b7 Recambios y repuestos PedroAroca<\/title>\n<meta name=\"description\" content=\"Latiguillos de direcci\u00f3n para coches, furgonetas, camiones, tractores, autobuses, remolques y caravanas PedroAroca. Latiguillos de direcci\u00f3n sint\u00e9ticos y met\u00e1licos\" \/>\n<meta name=\"robots\" content=\"index, follow, max-snippet:-1, max-image-preview:large, max-video-preview:-1\" \/>\n<link rel=\"canonical\" href=\"https:\/\/pedroaroca.es\/123456nueva\/latiguillos-de-direccion\/\" \/>\n<meta property=\"og:locale\" content=\"es_ES\" \/>\n<meta property=\"og:type\" content=\"article\" \/>\n<meta property=\"og:title\" content=\"Latiguillos de direcci\u00f3n \u25b7 Recambios y repuestos PedroAroca\" \/>\n<meta property=\"og:description\" content=\"Latiguillos de direcci\u00f3n para coches, furgonetas, camiones, tractores, autobuses, remolques y caravanas PedroAroca. Latiguillos de direcci\u00f3n sint\u00e9ticos y met\u00e1licos\" \/>\n<meta property=\"og:url\" content=\"https:\/\/pedroaroca.es\/123456nueva\/latiguillos-de-direccion\/\" \/>\n<meta property=\"og:site_name\" content=\"Pedro Aroca\" \/>\n<meta property=\"article:modified_time\" content=\"2023-02-20T21:30:02+00:00\" \/>\n<meta property=\"og:image\" content=\"https:\/\/pedroaroca.es\/123456nueva\/wp-content\/uploads\/2019\/01\/Latiguillos-varios-1024x684.jpeg\" \/>\n<meta name=\"twitter:card\" content=\"summary_large_image\" \/>\n<meta name=\"twitter:label1\" content=\"Escrito por\">\n\t<meta name=\"twitter:data1\" content=\"admin\">\n\t<meta name=\"twitter:label2\" content=\"Tiempo de lectura\">\n\t<meta name=\"twitter:data2\" content=\"0 minutos\">\n<script type=\"application\/ld+json\" class=\"yoast-schema-graph\">{\"@context\":\"https:\/\/schema.org\",\"@graph\":[{\"@type\":\"WebSite\",\"@id\":\"https:\/\/pedroaroca.es\/123456nueva\/#website\",\"url\":\"https:\/\/pedroaroca.es\/123456nueva\/\",\"name\":\"Pedro Aroca\",\"description\":\"Just another WordPress site\",\"potentialAction\":[{\"@type\":\"SearchAction\",\"target\":\"https:\/\/pedroaroca.es\/123456nueva\/?s={search_term_string}\",\"query-input\":\"required name=search_term_string\"}],\"inLanguage\":\"es\"},{\"@type\":\"ImageObject\",\"@id\":\"https:\/\/pedroaroca.es\/123456nueva\/latiguillos-de-direccion\/#primaryimage\",\"inLanguage\":\"es\",\"url\":\"https:\/\/pedroaroca.es\/123456nueva\/wp-content\/uploads\/2019\/01\/Latiguillos-varios.jpeg\",\"width\":1280,\"height\":855},{\"@type\":\"WebPage\",\"@id\":\"https:\/\/pedroaroca.es\/123456nueva\/latiguillos-de-direccion\/#webpage\",\"url\":\"https:\/\/pedroaroca.es\/123456nueva\/latiguillos-de-direccion\/\",\"name\":\"Latiguillos de direcci\\u00f3n \\u25b7 Recambios y repuestos PedroAroca\",\"isPartOf\":{\"@id\":\"https:\/\/pedroaroca.es\/123456nueva\/#website\"},\"primaryImageOfPage\":{\"@id\":\"https:\/\/pedroaroca.es\/123456nueva\/latiguillos-de-direccion\/#primaryimage\"},\"datePublished\":\"2018-03-09T18:03:15+00:00\",\"dateModified\":\"2023-02-20T21:30:02+00:00\",\"description\":\"Latiguillos de direcci\\u00f3n para coches, furgonetas, camiones, tractores, autobuses, remolques y caravanas PedroAroca. Latiguillos de direcci\\u00f3n sint\\u00e9ticos y met\\u00e1licos\",\"inLanguage\":\"es\",\"potentialAction\":[{\"@type\":\"ReadAction\",\"target\":[\"https:\/\/pedroaroca.es\/123456nueva\/latiguillos-de-direccion\/\"]}]}]}<\/script>\n<!-- \/ Yoast SEO plugin. -->","_links":{"self":[{"href":"https:\/\/pedroaroca.es\/123456nueva\/wp-json\/wp\/v2\/pages\/289","targetHints":{"allow":["GET"]}}],"collection":[{"href":"https:\/\/pedroaroca.es\/123456nueva\/wp-json\/wp\/v2\/pages"}],"about":[{"href":"https:\/\/pedroaroca.es\/123456nueva\/wp-json\/wp\/v2\/types\/page"}],"author":[{"embeddable":true,"href":"https:\/\/pedroaroca.es\/123456nueva\/wp-json\/wp\/v2\/users\/1"}],"replies":[{"embeddable":true,"href":"https:\/\/pedroaroca.es\/123456nueva\/wp-json\/wp\/v2\/comments?post=289"}],"version-history":[{"count":1,"href":"https:\/\/pedroaroca.es\/123456nueva\/wp-json\/wp\/v2\/pages\/289\/revisions"}],"predecessor-version":[{"id":1184,"href":"https:\/\/pedroaroca.es\/123456nueva\/wp-json\/wp\/v2\/pages\/289\/revisions\/1184"}],"wp:attachment":[{"href":"https:\/\/pedroaroca.es\/123456nueva\/wp-json\/wp\/v2\/media?parent=289"}],"curies":[{"name":"wp","href":"https:\/\/api.w.org\/{rel}","templated":true}]}}