{"id":293,"date":"2018-03-09T19:04:55","date_gmt":"2018-03-09T18:04:55","guid":{"rendered":"https:\/\/pedroaroca.es\/?page_id=293"},"modified":"2023-02-20T21:31:38","modified_gmt":"2023-02-20T21:31:38","slug":"latiguillos-para-lavadero","status":"publish","type":"page","link":"https:\/\/pedroaroca.es\/123456nueva\/latiguillos-para-lavadero\/","title":{"rendered":"Latiguillos para lavadero"},"content":{"rendered":"<p>[vc_row][vc_column width=\u00bb1\/2&#8243;][vc_column_text]<\/p>\n<p><img loading=\"lazy\" decoding=\"async\" class=\"aligncenter wp-image-497 size-large\" src=\"https:\/\/pedroaroca.es\/123456nueva\/wp-content\/uploads\/2019\/01\/Latiguillos-varios-1024x684.jpeg\" alt=\"\" width=\"843\" height=\"563\" srcset=\"https:\/\/pedroaroca.es\/123456nueva\/wp-content\/uploads\/2019\/01\/Latiguillos-varios-1024x684.jpeg 1024w, https:\/\/pedroaroca.es\/123456nueva\/wp-content\/uploads\/2019\/01\/Latiguillos-varios-600x401.jpeg 600w, https:\/\/pedroaroca.es\/123456nueva\/wp-content\/uploads\/2019\/01\/Latiguillos-varios-300x200.jpeg 300w, https:\/\/pedroaroca.es\/123456nueva\/wp-content\/uploads\/2019\/01\/Latiguillos-varios-768x513.jpeg 768w, https:\/\/pedroaroca.es\/123456nueva\/wp-content\/uploads\/2019\/01\/Latiguillos-varios.jpeg 1280w\" sizes=\"auto, (max-width: 843px) 100vw, 843px\" \/><\/p>\n<p>[\/vc_column_text][\/vc_column][vc_column width=\u00bb1\/2&#8243;][vc_column_text]<\/p>\n<h3>LATIGUILLOS PARA LAVADERO<\/h3>\n<p style=\"text-align: justify;\">En Pedro Aroca contamos con una gran variedad de latiguillos para lavadero. Solic\u00edtanos informaci\u00f3n para obtener m\u00e1s informaci\u00f3n sobre nuestro cat\u00e1logo.<\/p>\n<p>[\/vc_column_text][\/vc_column][\/vc_row]<\/p>\n","protected":false},"excerpt":{"rendered":"<p>[vc_row][vc_column width=\u00bb1\/2&#8243;][vc_column_text] [\/vc_column_text][\/vc_column][vc_column width=\u00bb1\/2&#8243;][vc_column_text] LATIGUILLOS PARA LAVADERO En Pedro Aroca contamos con una gran variedad de latiguillos para lavadero. Solic\u00edtanos informaci\u00f3n para obtener m\u00e1s informaci\u00f3n&hellip;<\/p>\n","protected":false},"author":1,"featured_media":0,"parent":0,"menu_order":0,"comment_status":"closed","ping_status":"closed","template":"","meta":{"footnotes":""},"class_list":["post-293","page","type-page","status-publish","hentry"],"yoast_head":"<!-- This site is optimized with the Yoast SEO plugin v15.4 - https:\/\/yoast.com\/wordpress\/plugins\/seo\/ -->\n<title>Latiguillos para lavadero \u25b7 Mangueras para maquinas de lavado<\/title>\n<meta name=\"description\" content=\"Recambio y suministro de latiguillos para lavaderos de coches PedroAroca \u25b7 Mangueras de alta presi\u00f3n para sistemas y maquinas de lavado\" \/>\n<meta name=\"robots\" content=\"index, follow, max-snippet:-1, max-image-preview:large, max-video-preview:-1\" \/>\n<link rel=\"canonical\" href=\"https:\/\/pedroaroca.es\/123456nueva\/latiguillos-para-lavadero\/\" \/>\n<meta property=\"og:locale\" content=\"es_ES\" \/>\n<meta property=\"og:type\" content=\"article\" \/>\n<meta property=\"og:title\" content=\"Latiguillos para lavadero \u25b7 Mangueras para maquinas de lavado\" \/>\n<meta property=\"og:description\" content=\"Recambio y suministro de latiguillos para lavaderos de coches PedroAroca \u25b7 Mangueras de alta presi\u00f3n para sistemas y maquinas de lavado\" \/>\n<meta property=\"og:url\" content=\"https:\/\/pedroaroca.es\/123456nueva\/latiguillos-para-lavadero\/\" \/>\n<meta property=\"og:site_name\" content=\"Pedro Aroca\" \/>\n<meta property=\"article:modified_time\" content=\"2023-02-20T21:31:38+00:00\" \/>\n<meta property=\"og:image\" content=\"https:\/\/pedroaroca.es\/123456nueva\/wp-content\/uploads\/2019\/01\/Latiguillos-varios-1024x684.jpeg\" \/>\n<meta name=\"twitter:card\" content=\"summary_large_image\" \/>\n<meta name=\"twitter:label1\" content=\"Escrito por\">\n\t<meta name=\"twitter:data1\" content=\"admin\">\n\t<meta name=\"twitter:label2\" content=\"Tiempo de lectura\">\n\t<meta name=\"twitter:data2\" content=\"0 minutos\">\n<script type=\"application\/ld+json\" class=\"yoast-schema-graph\">{\"@context\":\"https:\/\/schema.org\",\"@graph\":[{\"@type\":\"WebSite\",\"@id\":\"https:\/\/pedroaroca.es\/123456nueva\/#website\",\"url\":\"https:\/\/pedroaroca.es\/123456nueva\/\",\"name\":\"Pedro Aroca\",\"description\":\"Just another WordPress site\",\"potentialAction\":[{\"@type\":\"SearchAction\",\"target\":\"https:\/\/pedroaroca.es\/123456nueva\/?s={search_term_string}\",\"query-input\":\"required name=search_term_string\"}],\"inLanguage\":\"es\"},{\"@type\":\"ImageObject\",\"@id\":\"https:\/\/pedroaroca.es\/123456nueva\/latiguillos-para-lavadero\/#primaryimage\",\"inLanguage\":\"es\",\"url\":\"https:\/\/pedroaroca.es\/123456nueva\/wp-content\/uploads\/2019\/01\/Latiguillos-varios.jpeg\",\"width\":1280,\"height\":855},{\"@type\":\"WebPage\",\"@id\":\"https:\/\/pedroaroca.es\/123456nueva\/latiguillos-para-lavadero\/#webpage\",\"url\":\"https:\/\/pedroaroca.es\/123456nueva\/latiguillos-para-lavadero\/\",\"name\":\"Latiguillos para lavadero \\u25b7 Mangueras para maquinas de lavado\",\"isPartOf\":{\"@id\":\"https:\/\/pedroaroca.es\/123456nueva\/#website\"},\"primaryImageOfPage\":{\"@id\":\"https:\/\/pedroaroca.es\/123456nueva\/latiguillos-para-lavadero\/#primaryimage\"},\"datePublished\":\"2018-03-09T18:04:55+00:00\",\"dateModified\":\"2023-02-20T21:31:38+00:00\",\"description\":\"Recambio y suministro de latiguillos para lavaderos de coches PedroAroca \\u25b7 Mangueras de alta presi\\u00f3n para sistemas y maquinas de lavado\",\"inLanguage\":\"es\",\"potentialAction\":[{\"@type\":\"ReadAction\",\"target\":[\"https:\/\/pedroaroca.es\/123456nueva\/latiguillos-para-lavadero\/\"]}]}]}<\/script>\n<!-- \/ Yoast SEO plugin. -->","_links":{"self":[{"href":"https:\/\/pedroaroca.es\/123456nueva\/wp-json\/wp\/v2\/pages\/293","targetHints":{"allow":["GET"]}}],"collection":[{"href":"https:\/\/pedroaroca.es\/123456nueva\/wp-json\/wp\/v2\/pages"}],"about":[{"href":"https:\/\/pedroaroca.es\/123456nueva\/wp-json\/wp\/v2\/types\/page"}],"author":[{"embeddable":true,"href":"https:\/\/pedroaroca.es\/123456nueva\/wp-json\/wp\/v2\/users\/1"}],"replies":[{"embeddable":true,"href":"https:\/\/pedroaroca.es\/123456nueva\/wp-json\/wp\/v2\/comments?post=293"}],"version-history":[{"count":2,"href":"https:\/\/pedroaroca.es\/123456nueva\/wp-json\/wp\/v2\/pages\/293\/revisions"}],"predecessor-version":[{"id":1187,"href":"https:\/\/pedroaroca.es\/123456nueva\/wp-json\/wp\/v2\/pages\/293\/revisions\/1187"}],"wp:attachment":[{"href":"https:\/\/pedroaroca.es\/123456nueva\/wp-json\/wp\/v2\/media?parent=293"}],"curies":[{"name":"wp","href":"https:\/\/api.w.org\/{rel}","templated":true}]}}