{"id":95,"date":"2017-09-11T12:08:24","date_gmt":"2017-09-11T10:08:24","guid":{"rendered":"https:\/\/pedroaroca.es\/?page_id=95"},"modified":"2023-02-20T21:20:49","modified_gmt":"2023-02-20T21:20:49","slug":"filtros-agricultura-alicante","status":"publish","type":"page","link":"https:\/\/pedroaroca.es\/123456nueva\/filtros-agricultura-alicante\/","title":{"rendered":"Filtros para tractor en Alicante"},"content":{"rendered":"<p>[vc_row][vc_column width=\u00bb1\/2&#8243;][vc_column_text]<\/p>\n<p><img loading=\"lazy\" decoding=\"async\" class=\"aligncenter wp-image-203 size-large\" src=\"https:\/\/pedroaroca.es\/123456nueva\/wp-content\/uploads\/2018\/02\/filtros-tractor-alicante-82-1024x684.jpg\" alt=\"\" width=\"843\" height=\"563\" srcset=\"https:\/\/pedroaroca.es\/123456nueva\/wp-content\/uploads\/2018\/02\/filtros-tractor-alicante-82-1024x684.jpg 1024w, https:\/\/pedroaroca.es\/123456nueva\/wp-content\/uploads\/2018\/02\/filtros-tractor-alicante-82-600x400.jpg 600w, https:\/\/pedroaroca.es\/123456nueva\/wp-content\/uploads\/2018\/02\/filtros-tractor-alicante-82-300x200.jpg 300w, https:\/\/pedroaroca.es\/123456nueva\/wp-content\/uploads\/2018\/02\/filtros-tractor-alicante-82-768x513.jpg 768w, https:\/\/pedroaroca.es\/123456nueva\/wp-content\/uploads\/2018\/02\/filtros-tractor-alicante-82-1536x1025.jpg 1536w, https:\/\/pedroaroca.es\/123456nueva\/wp-content\/uploads\/2018\/02\/filtros-tractor-alicante-82-1568x1047.jpg 1568w, https:\/\/pedroaroca.es\/123456nueva\/wp-content\/uploads\/2018\/02\/filtros-tractor-alicante-82.jpg 2048w\" sizes=\"auto, (max-width: 843px) 100vw, 843px\" \/><\/p>\n<p>[\/vc_column_text][\/vc_column][vc_column width=\u00bb1\/2&#8243;][vc_column_text]<\/p>\n<h3>FILTROS PARA TRACTOR Y M\u00c1QUINAS DE AGRICULTURA EN ALICANTE<\/h3>\n<p style=\"text-align: justify;\">En\u00a0nuestro cat\u00e1logo de productos se encuentran las\u00a0soluciones m\u00e1s innovadoras en\u00a0sistemas de filtraje\u00a0dirigidos, especialmente, a los\u00a0motores de equipos agr\u00edcolas, sometidos a trabajos duros.<\/p>\n<ul>\n<li>Filtros de aire<\/li>\n<li>Filtros de lubricante<\/li>\n<li>Filtros de combustible<\/li>\n<li>Filtros refrigerante<\/li>\n<li>FIltros hidr\u00e1ulicos<\/li>\n<li>Filtros para la transmisi\u00f3n<\/li>\n<\/ul>\n<p>[\/vc_column_text][\/vc_column][\/vc_row]<\/p>\n","protected":false},"excerpt":{"rendered":"<p>[vc_row][vc_column width=\u00bb1\/2&#8243;][vc_column_text] [\/vc_column_text][\/vc_column][vc_column width=\u00bb1\/2&#8243;][vc_column_text] FILTROS PARA TRACTOR Y M\u00c1QUINAS DE AGRICULTURA EN ALICANTE En\u00a0nuestro cat\u00e1logo de productos se encuentran las\u00a0soluciones m\u00e1s innovadoras en\u00a0sistemas de filtraje\u00a0dirigidos,&hellip;<\/p>\n","protected":false},"author":1,"featured_media":0,"parent":0,"menu_order":0,"comment_status":"closed","ping_status":"closed","template":"","meta":{"footnotes":""},"class_list":["post-95","page","type-page","status-publish","hentry"],"yoast_head":"<!-- This site is optimized with the Yoast SEO plugin v15.4 - https:\/\/yoast.com\/wordpress\/plugins\/seo\/ -->\n<title>Filtros hidr\u00e1ulicos para tractores - Prefiltros de aire para tractor<\/title>\n<meta name=\"description\" content=\"Todo tipo de filtros para tractores Pedro Aroca \u25b7 Filtros hidr\u00e1ulicos para tractores, prefiltros de aire, filtros cicl\u00f3nicos, con m\u00e1s de 50 a\u00f1os de experiencia\" \/>\n<meta name=\"robots\" content=\"index, follow, max-snippet:-1, max-image-preview:large, max-video-preview:-1\" \/>\n<link rel=\"canonical\" href=\"https:\/\/pedroaroca.es\/123456nueva\/filtros-agricultura-alicante\/\" \/>\n<meta property=\"og:locale\" content=\"es_ES\" \/>\n<meta property=\"og:type\" content=\"article\" \/>\n<meta property=\"og:title\" content=\"Filtros hidr\u00e1ulicos para tractores - Prefiltros de aire para tractor\" \/>\n<meta property=\"og:description\" content=\"Todo tipo de filtros para tractores Pedro Aroca \u25b7 Filtros hidr\u00e1ulicos para tractores, prefiltros de aire, filtros cicl\u00f3nicos, con m\u00e1s de 50 a\u00f1os de experiencia\" \/>\n<meta property=\"og:url\" content=\"https:\/\/pedroaroca.es\/123456nueva\/filtros-agricultura-alicante\/\" \/>\n<meta property=\"og:site_name\" content=\"Pedro Aroca\" \/>\n<meta property=\"article:modified_time\" content=\"2023-02-20T21:20:49+00:00\" \/>\n<meta property=\"og:image\" content=\"https:\/\/pedroaroca.es\/123456nueva\/wp-content\/uploads\/2018\/02\/filtros-tractor-alicante-82-1024x684.jpg\" \/>\n<meta name=\"twitter:card\" content=\"summary_large_image\" \/>\n<meta name=\"twitter:label1\" content=\"Escrito por\">\n\t<meta name=\"twitter:data1\" content=\"admin\">\n\t<meta name=\"twitter:label2\" content=\"Tiempo de lectura\">\n\t<meta name=\"twitter:data2\" content=\"0 minutos\">\n<script type=\"application\/ld+json\" class=\"yoast-schema-graph\">{\"@context\":\"https:\/\/schema.org\",\"@graph\":[{\"@type\":\"WebSite\",\"@id\":\"https:\/\/pedroaroca.es\/123456nueva\/#website\",\"url\":\"https:\/\/pedroaroca.es\/123456nueva\/\",\"name\":\"Pedro Aroca\",\"description\":\"Just another WordPress site\",\"potentialAction\":[{\"@type\":\"SearchAction\",\"target\":\"https:\/\/pedroaroca.es\/123456nueva\/?s={search_term_string}\",\"query-input\":\"required name=search_term_string\"}],\"inLanguage\":\"es\"},{\"@type\":\"ImageObject\",\"@id\":\"https:\/\/pedroaroca.es\/123456nueva\/filtros-agricultura-alicante\/#primaryimage\",\"inLanguage\":\"es\",\"url\":\"https:\/\/pedroaroca.es\/123456nueva\/wp-content\/uploads\/2018\/02\/filtros-tractor-alicante-82.jpg\",\"width\":2048,\"height\":1367},{\"@type\":\"WebPage\",\"@id\":\"https:\/\/pedroaroca.es\/123456nueva\/filtros-agricultura-alicante\/#webpage\",\"url\":\"https:\/\/pedroaroca.es\/123456nueva\/filtros-agricultura-alicante\/\",\"name\":\"Filtros hidr\\u00e1ulicos para tractores - Prefiltros de aire para tractor\",\"isPartOf\":{\"@id\":\"https:\/\/pedroaroca.es\/123456nueva\/#website\"},\"primaryImageOfPage\":{\"@id\":\"https:\/\/pedroaroca.es\/123456nueva\/filtros-agricultura-alicante\/#primaryimage\"},\"datePublished\":\"2017-09-11T10:08:24+00:00\",\"dateModified\":\"2023-02-20T21:20:49+00:00\",\"description\":\"Todo tipo de filtros para tractores Pedro Aroca \\u25b7 Filtros hidr\\u00e1ulicos para tractores, prefiltros de aire, filtros cicl\\u00f3nicos, con m\\u00e1s de 50 a\\u00f1os de experiencia\",\"inLanguage\":\"es\",\"potentialAction\":[{\"@type\":\"ReadAction\",\"target\":[\"https:\/\/pedroaroca.es\/123456nueva\/filtros-agricultura-alicante\/\"]}]}]}<\/script>\n<!-- \/ Yoast SEO plugin. -->","_links":{"self":[{"href":"https:\/\/pedroaroca.es\/123456nueva\/wp-json\/wp\/v2\/pages\/95","targetHints":{"allow":["GET"]}}],"collection":[{"href":"https:\/\/pedroaroca.es\/123456nueva\/wp-json\/wp\/v2\/pages"}],"about":[{"href":"https:\/\/pedroaroca.es\/123456nueva\/wp-json\/wp\/v2\/types\/page"}],"author":[{"embeddable":true,"href":"https:\/\/pedroaroca.es\/123456nueva\/wp-json\/wp\/v2\/users\/1"}],"replies":[{"embeddable":true,"href":"https:\/\/pedroaroca.es\/123456nueva\/wp-json\/wp\/v2\/comments?post=95"}],"version-history":[{"count":2,"href":"https:\/\/pedroaroca.es\/123456nueva\/wp-json\/wp\/v2\/pages\/95\/revisions"}],"predecessor-version":[{"id":1174,"href":"https:\/\/pedroaroca.es\/123456nueva\/wp-json\/wp\/v2\/pages\/95\/revisions\/1174"}],"wp:attachment":[{"href":"https:\/\/pedroaroca.es\/123456nueva\/wp-json\/wp\/v2\/media?parent=95"}],"curies":[{"name":"wp","href":"https:\/\/api.w.org\/{rel}","templated":true}]}}